{"id":27797,"date":"2023-02-08T21:39:14","date_gmt":"2023-02-08T21:39:14","guid":{"rendered":"http:\/\/www.sundde.gob.ve\/?page_id=27797"},"modified":"2023-07-10T20:47:00","modified_gmt":"2023-07-10T20:47:00","slug":"superintendente-coronel-antonio-morales","status":"publish","type":"page","link":"https:\/\/www.sundde.gob.ve\/?page_id=27797","title":{"rendered":"Superintendente Coronel Antonio Morales"},"content":{"rendered":"\t\t<div data-elementor-type=\"wp-page\" data-elementor-id=\"27797\" class=\"elementor elementor-27797\" data-elementor-post-type=\"page\">\n\t\t\t\t\t\t<section class=\"elementor-section elementor-top-section elementor-element elementor-element-c235de4 elementor-section-boxed elementor-section-height-default elementor-section-height-default wpr-particle-no wpr-jarallax-no wpr-parallax-no wpr-sticky-section-no\" data-id=\"c235de4\" data-element_type=\"section\">\n\t\t\t\t\t\t<div class=\"elementor-container elementor-column-gap-default\">\n\t\t\t\t\t<div class=\"elementor-column elementor-col-50 elementor-top-column elementor-element elementor-element-d5ee7a4\" data-id=\"d5ee7a4\" data-element_type=\"column\">\n\t\t\t<div class=\"elementor-widget-wrap elementor-element-populated\">\n\t\t\t\t\t\t<div class=\"elementor-element elementor-element-ac2b88d elementor-widget elementor-widget-image\" data-id=\"ac2b88d\" data-element_type=\"widget\" data-widget_type=\"image.default\">\n\t\t\t\t<div class=\"elementor-widget-container\">\n\t\t\t\t\t\t\t\t\t\t\t\t\t\t\t<img fetchpriority=\"high\" decoding=\"async\" width=\"240\" height=\"360\" src=\"https:\/\/www.sundde.gob.ve\/wp-content\/uploads\/2023\/02\/Coronel.png\" class=\"attachment-large size-large wp-image-27799\" alt=\"\" srcset=\"https:\/\/www.sundde.gob.ve\/wp-content\/uploads\/2023\/02\/Coronel.png 240w, https:\/\/www.sundde.gob.ve\/wp-content\/uploads\/2023\/02\/Coronel-200x300.png 200w\" sizes=\"(max-width: 240px) 100vw, 240px\" \/>\t\t\t\t\t\t\t\t\t\t\t\t\t\t\t<\/div>\n\t\t\t\t<\/div>\n\t\t\t\t\t<\/div>\n\t\t<\/div>\n\t\t\t\t<div class=\"elementor-column elementor-col-50 elementor-top-column elementor-element elementor-element-ef99453\" data-id=\"ef99453\" data-element_type=\"column\">\n\t\t\t<div class=\"elementor-widget-wrap elementor-element-populated\">\n\t\t\t\t\t\t<div class=\"elementor-element elementor-element-10b81cf elementor-widget elementor-widget-text-editor\" data-id=\"10b81cf\" data-element_type=\"widget\" data-widget_type=\"text-editor.default\">\n\t\t\t\t<div class=\"elementor-widget-container\">\n\t\t\t\t\t\t\t\t\t<p><span style=\"color: #000000;\">Antonio Morales, designado Ministro del Poder Popular de Comercio Nacional, de acuerdo al Decreto N\u00b0 4.769 publicado en la Gaceta Extraordinaria N\u00ba 6.733, de fecha 19 de enero de 2023 y Superintendente Nacional para la Defensa de los Derechos Socioecon\u00f3micos, en calidad de Encargado, de acuerdo al Decreto N\u00b0 4.771 publicado en Gaceta Ordinaria N\u00b0 42.555, es licenciado en Ciencias y Artes Militares egresado de la Academia Militar de Venezuela y especialista en Infanter\u00eda.<\/span><\/p><p><span style=\"color: #000000;\">El Coronel Morales, fue el m\u00e1ximo representante de la Superintendencia de las Instituciones del Sector Bancario (Sudeban), ente de regulaci\u00f3n bajo la vigilancia y coordinaci\u00f3n del \u00d3rgano Superior del Sistema Financiero Nacional.<\/span><\/p><p><span style=\"color: #000000;\">Tambi\u00e9n, se desempe\u00f1\u00f3 en el Ministerio del Poder Popular del Despacho de la Presidencia y Seguimiento de la Gesti\u00f3n de Gobierno.<\/span><\/p>\t\t\t\t\t\t\t\t<\/div>\n\t\t\t\t<\/div>\n\t\t\t\t\t<\/div>\n\t\t<\/div>\n\t\t\t\t\t<\/div>\n\t\t<\/section>\n\t\t\t\t<\/div>\n\t\t","protected":false},"excerpt":{"rendered":"<p>Antonio Morales, designado Ministro del Poder Popular de Comercio Nacional, de acuerdo al Decreto N\u00b0 4.769 publicado en la Gaceta Extraordinaria N\u00ba 6.733, de fecha 19 de enero de 2023 y Superintendente Nacional para la Defensa de los Derechos Socioecon\u00f3micos, en calidad de Encargado, de acuerdo al Decreto N\u00b0 4.771 publicado en Gaceta Ordinaria N\u00b0 42.555, es licenciado en Ciencias y Artes Militares egresado de la Academia Militar de Venezuela y especialista en Infanter\u00eda. El Coronel Morales, fue el m\u00e1ximo representante de la Superintendencia de las Instituciones del Sector Bancario (Sudeban), ente de regulaci\u00f3n bajo la vigilancia y coordinaci\u00f3n del \u00d3rgano Superior del Sistema Financiero Nacional. Tambi\u00e9n, se desempe\u00f1\u00f3 en el Ministerio del Poder Popular del Despacho de la Presidencia y Seguimiento de la Gesti\u00f3n de Gobierno.<\/p>\n","protected":false},"author":1,"featured_media":0,"parent":0,"menu_order":0,"comment_status":"closed","ping_status":"closed","template":"","meta":{"_monsterinsights_skip_tracking":false,"_monsterinsights_sitenote_active":false,"_monsterinsights_sitenote_note":"","_monsterinsights_sitenote_category":0,"footnotes":""},"class_list":["post-27797","page","type-page","status-publish","hentry"],"_links":{"self":[{"href":"https:\/\/www.sundde.gob.ve\/index.php?rest_route=\/wp\/v2\/pages\/27797","targetHints":{"allow":["GET"]}}],"collection":[{"href":"https:\/\/www.sundde.gob.ve\/index.php?rest_route=\/wp\/v2\/pages"}],"about":[{"href":"https:\/\/www.sundde.gob.ve\/index.php?rest_route=\/wp\/v2\/types\/page"}],"author":[{"embeddable":true,"href":"https:\/\/www.sundde.gob.ve\/index.php?rest_route=\/wp\/v2\/users\/1"}],"replies":[{"embeddable":true,"href":"https:\/\/www.sundde.gob.ve\/index.php?rest_route=%2Fwp%2Fv2%2Fcomments&post=27797"}],"version-history":[{"count":24,"href":"https:\/\/www.sundde.gob.ve\/index.php?rest_route=\/wp\/v2\/pages\/27797\/revisions"}],"predecessor-version":[{"id":28463,"href":"https:\/\/www.sundde.gob.ve\/index.php?rest_route=\/wp\/v2\/pages\/27797\/revisions\/28463"}],"wp:attachment":[{"href":"https:\/\/www.sundde.gob.ve\/index.php?rest_route=%2Fwp%2Fv2%2Fmedia&parent=27797"}],"curies":[{"name":"wp","href":"https:\/\/api.w.org\/{rel}","templated":true}]}}